{"id":442,"date":"2020-12-16T01:36:01","date_gmt":"2020-12-16T01:36:01","guid":{"rendered":"http:\/\/barcelonesa-claim.com\/index.php\/contagion\/"},"modified":"2023-05-24T18:04:58","modified_gmt":"2023-05-24T18:04:58","slug":"peritaje","status":"publish","type":"page","link":"https:\/\/barcelonesa-claim.com\/index.php\/peritaje\/","title":{"rendered":"Peritaje"},"content":{"rendered":"\t\t<div data-elementor-type=\"wp-page\" data-elementor-id=\"442\" class=\"elementor elementor-442\">\n\t\t\t\t\t\t\t\t\t<section class=\"elementor-section elementor-top-section elementor-element elementor-element-7327d11 elementor-section-boxed elementor-section-height-default elementor-section-height-default\" data-id=\"7327d11\" data-element_type=\"section\" data-settings=\"{&quot;background_background&quot;:&quot;classic&quot;}\">\n\t\t\t\t\t\t\t<div class=\"elementor-background-overlay\"><\/div>\n\t\t\t\t\t\t\t<div class=\"elementor-container elementor-column-gap-no\">\n\t\t\t\t\t<div class=\"elementor-column elementor-col-50 elementor-top-column elementor-element elementor-element-f68360d\" data-id=\"f68360d\" data-element_type=\"column\">\n\t\t\t<div class=\"elementor-widget-wrap elementor-element-populated\">\n\t\t\t\t\t\t\t\t<div class=\"elementor-element elementor-element-411d481 elementor-widget elementor-widget-heading\" data-id=\"411d481\" data-element_type=\"widget\" data-widget_type=\"heading.default\">\n\t\t\t\t<div class=\"elementor-widget-container\">\n\t\t\t<style>\/*! elementor - v3.10.1 - 17-01-2023 *\/\n.elementor-heading-title{padding:0;margin:0;line-height:1}.elementor-widget-heading .elementor-heading-title[class*=elementor-size-]>a{color:inherit;font-size:inherit;line-height:inherit}.elementor-widget-heading .elementor-heading-title.elementor-size-small{font-size:15px}.elementor-widget-heading .elementor-heading-title.elementor-size-medium{font-size:19px}.elementor-widget-heading .elementor-heading-title.elementor-size-large{font-size:29px}.elementor-widget-heading .elementor-heading-title.elementor-size-xl{font-size:39px}.elementor-widget-heading .elementor-heading-title.elementor-size-xxl{font-size:59px}<\/style><h2 class=\"elementor-heading-title elementor-size-default\">\u00bfQu\u00e9 es un perito m\u00e9dico?\n\n<\/h2>\t\t<\/div>\n\t\t\t\t<\/div>\n\t\t\t\t\t<\/div>\n\t\t<\/div>\n\t\t\t\t<div class=\"elementor-column elementor-col-50 elementor-top-column elementor-element elementor-element-d65cb7e\" data-id=\"d65cb7e\" data-element_type=\"column\">\n\t\t\t<div class=\"elementor-widget-wrap elementor-element-populated\">\n\t\t\t\t\t\t\t\t<div class=\"elementor-element elementor-element-af7c7cf elementor-widget elementor-widget-image\" data-id=\"af7c7cf\" data-element_type=\"widget\" data-widget_type=\"image.default\">\n\t\t\t\t<div class=\"elementor-widget-container\">\n\t\t\t<style>\/*! elementor - v3.10.1 - 17-01-2023 *\/\n.elementor-widget-image{text-align:center}.elementor-widget-image a{display:inline-block}.elementor-widget-image a img[src$=\".svg\"]{width:48px}.elementor-widget-image img{vertical-align:middle;display:inline-block}<\/style>\t\t\t\t\t\t\t\t\t\t\t\t<img loading=\"lazy\" decoding=\"async\" width=\"126\" height=\"190\" src=\"https:\/\/barcelonesa-claim.com\/wp-content\/uploads\/2023\/05\/bg.png\" class=\"attachment-full size-full wp-image-1478\" alt=\"\" \/>\t\t\t\t\t\t\t\t\t\t\t\t\t\t\t<\/div>\n\t\t\t\t<\/div>\n\t\t\t\t\t<\/div>\n\t\t<\/div>\n\t\t\t\t\t\t\t<\/div>\n\t\t<\/section>\n\t\t\t\t<section class=\"elementor-section elementor-top-section elementor-element elementor-element-f014e31 elementor-section-boxed elementor-section-height-default elementor-section-height-default\" data-id=\"f014e31\" data-element_type=\"section\" data-settings=\"{&quot;background_background&quot;:&quot;classic&quot;}\">\n\t\t\t\t\t\t<div class=\"elementor-container elementor-column-gap-no\">\n\t\t\t\t\t<div class=\"elementor-column elementor-col-100 elementor-top-column elementor-element elementor-element-290f804\" data-id=\"290f804\" data-element_type=\"column\">\n\t\t\t<div class=\"elementor-widget-wrap elementor-element-populated\">\n\t\t\t\t\t\t\t\t<section class=\"elementor-section elementor-inner-section elementor-element elementor-element-895400a elementor-section-boxed elementor-section-height-default elementor-section-height-default\" data-id=\"895400a\" data-element_type=\"section\" data-settings=\"{&quot;background_background&quot;:&quot;classic&quot;}\">\n\t\t\t\t\t\t<div class=\"elementor-container elementor-column-gap-default\">\n\t\t\t\t\t<div class=\"elementor-column elementor-col-50 elementor-inner-column elementor-element elementor-element-8aad6c5\" data-id=\"8aad6c5\" data-element_type=\"column\">\n\t\t\t<div class=\"elementor-widget-wrap elementor-element-populated\">\n\t\t\t\t\t\t\t\t<div class=\"elementor-element elementor-element-7ccfd70 elementor-widget elementor-widget-text-editor\" data-id=\"7ccfd70\" data-element_type=\"widget\" data-widget_type=\"text-editor.default\">\n\t\t\t\t<div class=\"elementor-widget-container\">\n\t\t\t<style>\/*! elementor - v3.10.1 - 17-01-2023 *\/\n.elementor-widget-text-editor.elementor-drop-cap-view-stacked .elementor-drop-cap{background-color:#818a91;color:#fff}.elementor-widget-text-editor.elementor-drop-cap-view-framed .elementor-drop-cap{color:#818a91;border:3px solid;background-color:transparent}.elementor-widget-text-editor:not(.elementor-drop-cap-view-default) .elementor-drop-cap{margin-top:8px}.elementor-widget-text-editor:not(.elementor-drop-cap-view-default) .elementor-drop-cap-letter{width:1em;height:1em}.elementor-widget-text-editor .elementor-drop-cap{float:left;text-align:center;line-height:1;font-size:50px}.elementor-widget-text-editor .elementor-drop-cap-letter{display:inline-block}<\/style>\t\t\t\t<p>Se podr\u00eda definir, de manera sencilla, como un m\u00e9dico especializado en el an\u00e1lisis de la documentaci\u00f3n y de las lesiones y da\u00f1os, cuya principal misi\u00f3n es emitir un informe \u2013 informe pericial- que ser\u00e1 de utilidad no solo a abogados, sino a jueces, fiscales y dem\u00e1s.<\/p>\t\t\t\t\t\t<\/div>\n\t\t\t\t<\/div>\n\t\t\t\t<div class=\"elementor-element elementor-element-c3dfc93 elementor-widget elementor-widget-text-editor\" data-id=\"c3dfc93\" data-element_type=\"widget\" data-widget_type=\"text-editor.default\">\n\t\t\t\t<div class=\"elementor-widget-container\">\n\t\t\t\t\t\t\t<p>Ultrices egestas turpis auctor egestas pulvinar ultrices neque dolor sit feugiat odio eu nibh iaculis diam a nisi diam ultrices.<\/p>\t\t\t\t\t\t<\/div>\n\t\t\t\t<\/div>\n\t\t\t\t\t<\/div>\n\t\t<\/div>\n\t\t\t\t<div class=\"elementor-column elementor-col-50 elementor-inner-column elementor-element elementor-element-db9ab9b\" data-id=\"db9ab9b\" data-element_type=\"column\">\n\t\t\t<div class=\"elementor-widget-wrap elementor-element-populated\">\n\t\t\t\t\t\t\t\t<div class=\"elementor-element elementor-element-b300c6a elementor-widget elementor-widget-image\" data-id=\"b300c6a\" data-element_type=\"widget\" data-widget_type=\"image.default\">\n\t\t\t\t<div class=\"elementor-widget-container\">\n\t\t\t\t\t\t\t\t\t\t\t\t\t\t\t<img loading=\"lazy\" decoding=\"async\" width=\"2560\" height=\"1707\" src=\"https:\/\/barcelonesa-claim.com\/wp-content\/uploads\/2023\/05\/doctor-paciente-scaled.jpg\" class=\"attachment-full size-full wp-image-1386\" alt=\"\" srcset=\"https:\/\/barcelonesa-claim.com\/wp-content\/uploads\/2023\/05\/doctor-paciente-scaled.jpg 2560w, https:\/\/barcelonesa-claim.com\/wp-content\/uploads\/2023\/05\/doctor-paciente-300x200.jpg 300w, https:\/\/barcelonesa-claim.com\/wp-content\/uploads\/2023\/05\/doctor-paciente-1024x683.jpg 1024w, https:\/\/barcelonesa-claim.com\/wp-content\/uploads\/2023\/05\/doctor-paciente-768x512.jpg 768w, https:\/\/barcelonesa-claim.com\/wp-content\/uploads\/2023\/05\/doctor-paciente-1536x1024.jpg 1536w, https:\/\/barcelonesa-claim.com\/wp-content\/uploads\/2023\/05\/doctor-paciente-2048x1365.jpg 2048w\" sizes=\"auto, (max-width: 2560px) 100vw, 2560px\" \/>\t\t\t\t\t\t\t\t\t\t\t\t\t\t\t<\/div>\n\t\t\t\t<\/div>\n\t\t\t\t\t<\/div>\n\t\t<\/div>\n\t\t\t\t\t\t\t<\/div>\n\t\t<\/section>\n\t\t\t\t\t<\/div>\n\t\t<\/div>\n\t\t\t\t\t\t\t<\/div>\n\t\t<\/section>\n\t\t\t\t<section class=\"elementor-section elementor-top-section elementor-element elementor-element-0621221 elementor-section-boxed elementor-section-height-default elementor-section-height-default\" data-id=\"0621221\" data-element_type=\"section\" data-settings=\"{&quot;background_background&quot;:&quot;classic&quot;}\">\n\t\t\t\t\t\t<div class=\"elementor-container elementor-column-gap-no\">\n\t\t\t\t\t<div class=\"elementor-column elementor-col-100 elementor-top-column elementor-element elementor-element-a290d74\" data-id=\"a290d74\" data-element_type=\"column\">\n\t\t\t<div class=\"elementor-widget-wrap elementor-element-populated\">\n\t\t\t\t\t\t\t\t<section class=\"elementor-section elementor-inner-section elementor-element elementor-element-ffcd32b elementor-section-boxed elementor-section-height-default elementor-section-height-default\" data-id=\"ffcd32b\" data-element_type=\"section\" data-settings=\"{&quot;background_background&quot;:&quot;classic&quot;}\">\n\t\t\t\t\t\t<div class=\"elementor-container elementor-column-gap-no\">\n\t\t\t\t\t<div class=\"elementor-column elementor-col-50 elementor-inner-column elementor-element elementor-element-8303d42\" data-id=\"8303d42\" data-element_type=\"column\">\n\t\t\t<div class=\"elementor-widget-wrap elementor-element-populated\">\n\t\t\t\t\t\t\t\t<div class=\"elementor-element elementor-element-04d0a39 elementor-widget elementor-widget-image\" data-id=\"04d0a39\" data-element_type=\"widget\" data-widget_type=\"image.default\">\n\t\t\t\t<div class=\"elementor-widget-container\">\n\t\t\t\t\t\t\t\t\t\t\t\t\t\t\t<img loading=\"lazy\" decoding=\"async\" width=\"740\" height=\"493\" src=\"https:\/\/barcelonesa-claim.com\/wp-content\/uploads\/2023\/05\/Capture.png\" class=\"attachment-full size-full wp-image-1380\" alt=\"\" srcset=\"https:\/\/barcelonesa-claim.com\/wp-content\/uploads\/2023\/05\/Capture.png 740w, https:\/\/barcelonesa-claim.com\/wp-content\/uploads\/2023\/05\/Capture-300x200.png 300w\" sizes=\"auto, (max-width: 740px) 100vw, 740px\" \/>\t\t\t\t\t\t\t\t\t\t\t\t\t\t\t<\/div>\n\t\t\t\t<\/div>\n\t\t\t\t\t<\/div>\n\t\t<\/div>\n\t\t\t\t<div class=\"elementor-column elementor-col-50 elementor-inner-column elementor-element elementor-element-932ebb9\" data-id=\"932ebb9\" data-element_type=\"column\">\n\t\t\t<div class=\"elementor-widget-wrap elementor-element-populated\">\n\t\t\t\t\t\t\t\t<div class=\"elementor-element elementor-element-bebc085 elementor-widget elementor-widget-heading\" data-id=\"bebc085\" data-element_type=\"widget\" data-widget_type=\"heading.default\">\n\t\t\t\t<div class=\"elementor-widget-container\">\n\t\t\t<h4 class=\"elementor-heading-title elementor-size-default\">Negligencia m\u00e9dica o dental: funciones del perito m\u00e9dico<\/h4>\t\t<\/div>\n\t\t\t\t<\/div>\n\t\t\t\t<div class=\"elementor-element elementor-element-1be0d74 elementor-widget elementor-widget-text-editor\" data-id=\"1be0d74\" data-element_type=\"widget\" data-widget_type=\"text-editor.default\">\n\t\t\t\t<div class=\"elementor-widget-container\">\n\t\t\t\t\t\t\t<p>Entre las funciones del perito m\u00e9dico, la principal es la realizaci\u00f3n del informe pericial en el que se recogen los argumentos y valoraci\u00f3n de cada caso.<\/p><p>Sin la peritaci\u00f3n m\u00e9dica, una reclamaci\u00f3n por mala praxis m\u00e9dica se torna inviable. Como dec\u00edamos, este informe es valorado por el juez o jueza encargado de dictar sentencia. Es m\u00e1s, en los casos de negligencias m\u00e9dicas, el perito m\u00e9dico estar\u00e1 presente durante la celebraci\u00f3n del juicio para responder a las preguntas de las partes y explicar al juez el desarrollo de los hechos de manera imparcial y objetiva.<\/p><p>.<\/p>\t\t\t\t\t\t<\/div>\n\t\t\t\t<\/div>\n\t\t\t\t\t<\/div>\n\t\t<\/div>\n\t\t\t\t\t\t\t<\/div>\n\t\t<\/section>\n\t\t\t\t\t<\/div>\n\t\t<\/div>\n\t\t\t\t\t\t\t<\/div>\n\t\t<\/section>\n\t\t\t\t<section class=\"elementor-section elementor-top-section elementor-element elementor-element-738be72 elementor-section-boxed elementor-section-height-default elementor-section-height-default\" data-id=\"738be72\" data-element_type=\"section\" data-settings=\"{&quot;background_background&quot;:&quot;classic&quot;}\">\n\t\t\t\t\t\t<div class=\"elementor-container elementor-column-gap-no\">\n\t\t\t\t\t<div class=\"elementor-column elementor-col-100 elementor-top-column elementor-element elementor-element-8d05cde\" data-id=\"8d05cde\" data-element_type=\"column\">\n\t\t\t<div class=\"elementor-widget-wrap elementor-element-populated\">\n\t\t\t\t\t\t\t\t<section class=\"elementor-section elementor-inner-section elementor-element elementor-element-c8b5da6 elementor-section-boxed elementor-section-height-default elementor-section-height-default\" data-id=\"c8b5da6\" data-element_type=\"section\" data-settings=\"{&quot;background_background&quot;:&quot;classic&quot;}\">\n\t\t\t\t\t\t<div class=\"elementor-container elementor-column-gap-no\">\n\t\t\t\t\t<div class=\"elementor-column elementor-col-50 elementor-inner-column elementor-element elementor-element-5145722\" data-id=\"5145722\" data-element_type=\"column\">\n\t\t\t<div class=\"elementor-widget-wrap elementor-element-populated\">\n\t\t\t\t\t\t\t\t<div class=\"elementor-element elementor-element-b7a489d elementor-widget elementor-widget-text-editor\" data-id=\"b7a489d\" data-element_type=\"widget\" data-widget_type=\"text-editor.default\">\n\t\t\t\t<div class=\"elementor-widget-container\">\n\t\t\t\t\t\t\t<p>Para la realizaci\u00f3n del informe, el perito m\u00e9dico analiza toda la documentaci\u00f3n disponible -la historia cl\u00ednica es el principal documento- e intenta determinar el nexo entre la actuaci\u00f3n (o falta de \u00e9sta) de los servicios de salud y los da\u00f1os y lesiones del paciente, as\u00ed como la importancia de los antecedentes de este.<\/p>\t\t\t\t\t\t<\/div>\n\t\t\t\t<\/div>\n\t\t\t\t<div class=\"elementor-element elementor-element-78fcce4 elementor-widget elementor-widget-text-editor\" data-id=\"78fcce4\" data-element_type=\"widget\" data-widget_type=\"text-editor.default\">\n\t\t\t\t<div class=\"elementor-widget-container\">\n\t\t\t\t\t\t\t<p>Fermentum tristique porttitor nibh neque nisl, mattis pellentesque hac duis aliquet cursus pharetra at dignissim nisl ac, cursus nibh tortor et elementum gravida vestibulum pulvinar volutpat et, dictum et.<\/p>\t\t\t\t\t\t<\/div>\n\t\t\t\t<\/div>\n\t\t\t\t\t<\/div>\n\t\t<\/div>\n\t\t\t\t<div class=\"elementor-column elementor-col-50 elementor-inner-column elementor-element elementor-element-e5687e3\" data-id=\"e5687e3\" data-element_type=\"column\">\n\t\t\t<div class=\"elementor-widget-wrap elementor-element-populated\">\n\t\t\t\t\t\t\t\t<div class=\"elementor-element elementor-element-8731d38 elementor-widget elementor-widget-image\" data-id=\"8731d38\" data-element_type=\"widget\" data-widget_type=\"image.default\">\n\t\t\t\t<div class=\"elementor-widget-container\">\n\t\t\t\t\t\t\t\t\t\t\t\t\t\t\t<img loading=\"lazy\" decoding=\"async\" width=\"2560\" height=\"1707\" src=\"https:\/\/barcelonesa-claim.com\/wp-content\/uploads\/2023\/05\/primer-plano-especialista-rellenando-documento-scaled.jpg\" class=\"attachment-full size-full wp-image-1443\" alt=\"\" srcset=\"https:\/\/barcelonesa-claim.com\/wp-content\/uploads\/2023\/05\/primer-plano-especialista-rellenando-documento-scaled.jpg 2560w, https:\/\/barcelonesa-claim.com\/wp-content\/uploads\/2023\/05\/primer-plano-especialista-rellenando-documento-300x200.jpg 300w, https:\/\/barcelonesa-claim.com\/wp-content\/uploads\/2023\/05\/primer-plano-especialista-rellenando-documento-1024x683.jpg 1024w, https:\/\/barcelonesa-claim.com\/wp-content\/uploads\/2023\/05\/primer-plano-especialista-rellenando-documento-768x512.jpg 768w, https:\/\/barcelonesa-claim.com\/wp-content\/uploads\/2023\/05\/primer-plano-especialista-rellenando-documento-1536x1024.jpg 1536w, https:\/\/barcelonesa-claim.com\/wp-content\/uploads\/2023\/05\/primer-plano-especialista-rellenando-documento-2048x1365.jpg 2048w\" sizes=\"auto, (max-width: 2560px) 100vw, 2560px\" \/>\t\t\t\t\t\t\t\t\t\t\t\t\t\t\t<\/div>\n\t\t\t\t<\/div>\n\t\t\t\t\t<\/div>\n\t\t<\/div>\n\t\t\t\t\t\t\t<\/div>\n\t\t<\/section>\n\t\t\t\t\t<\/div>\n\t\t<\/div>\n\t\t\t\t\t\t\t<\/div>\n\t\t<\/section>\n\t\t\t\t\t\t\t<\/div>\n\t\t","protected":false},"excerpt":{"rendered":"<p>\u00bfQu\u00e9 es un perito m\u00e9dico? Se podr\u00eda definir, de manera sencilla, como un m\u00e9dico especializado en el an\u00e1lisis de la documentaci\u00f3n y de las lesiones y da\u00f1os, cuya principal misi\u00f3n es emitir un informe \u2013 informe pericial- que ser\u00e1 de utilidad no solo a abogados, sino a jueces, fiscales y dem\u00e1s. Ultrices egestas turpis auctor &hellip;<\/p>\n<p class=\"read-more\"> <a class=\"\" href=\"https:\/\/barcelonesa-claim.com\/index.php\/peritaje\/\"> <span class=\"screen-reader-text\">Peritaje<\/span> Lire la suite\u00a0\u00bb<\/a><\/p>\n","protected":false},"author":1,"featured_media":0,"parent":0,"menu_order":0,"comment_status":"closed","ping_status":"closed","template":"","meta":{"site-sidebar-layout":"no-sidebar","site-content-layout":"page-builder","ast-global-header-display":"","ast-banner-title-visibility":"","ast-main-header-display":"","ast-hfb-above-header-display":"","ast-hfb-below-header-display":"","ast-hfb-mobile-header-display":"","site-post-title":"disabled","ast-breadcrumbs-content":"","ast-featured-img":"disabled","footer-sml-layout":"","theme-transparent-header-meta":"enabled","adv-header-id-meta":"","stick-header-meta":"","header-above-stick-meta":"","header-main-stick-meta":"","header-below-stick-meta":"","footnotes":""},"class_list":["post-442","page","type-page","status-publish","hentry"],"_links":{"self":[{"href":"https:\/\/barcelonesa-claim.com\/index.php\/wp-json\/wp\/v2\/pages\/442","targetHints":{"allow":["GET"]}}],"collection":[{"href":"https:\/\/barcelonesa-claim.com\/index.php\/wp-json\/wp\/v2\/pages"}],"about":[{"href":"https:\/\/barcelonesa-claim.com\/index.php\/wp-json\/wp\/v2\/types\/page"}],"author":[{"embeddable":true,"href":"https:\/\/barcelonesa-claim.com\/index.php\/wp-json\/wp\/v2\/users\/1"}],"replies":[{"embeddable":true,"href":"https:\/\/barcelonesa-claim.com\/index.php\/wp-json\/wp\/v2\/comments?post=442"}],"version-history":[{"count":26,"href":"https:\/\/barcelonesa-claim.com\/index.php\/wp-json\/wp\/v2\/pages\/442\/revisions"}],"predecessor-version":[{"id":1618,"href":"https:\/\/barcelonesa-claim.com\/index.php\/wp-json\/wp\/v2\/pages\/442\/revisions\/1618"}],"wp:attachment":[{"href":"https:\/\/barcelonesa-claim.com\/index.php\/wp-json\/wp\/v2\/media?parent=442"}],"curies":[{"name":"wp","href":"https:\/\/api.w.org\/{rel}","templated":true}]}}